{"id":3220,"date":"2017-09-27T20:43:37","date_gmt":"2017-09-27T19:43:37","guid":{"rendered":"https:\/\/www.blanville.com\/?page_id=3220"},"modified":"2025-04-15T09:05:54","modified_gmt":"2025-04-15T08:05:54","slug":"overview","status":"publish","type":"page","link":"https:\/\/www.blanville.com\/en\/","title":{"rendered":"A Propos"},"content":{"rendered":"<div class=\"wBuilder_section wBuilder_slider\">\n<ul id=\"lightSlider\">\n<li class=\"wBuilder_slider_slide\" data-thumb=\"https:\/\/www.blanville.com\/wp-content\/uploads\/2020\/08\/sortie_celtis-scaled-48x27.jpg\">\n<div class=\"wBuilder_slider_container\" style=\"background-image: url('https:\/\/www.blanville.com\/wp-content\/uploads\/2020\/08\/sortie_celtis-scaled-1880x768.jpg');\"><\/div>\n<div class=\"wBuilder_slider_content\">\n<div class=\"wBuilder_slider_text\">\n<h3>Domaine des Celtis, new member of the Blanville Family !<\/h3>\n<p><a class=\"btn btn-light\" href=\"https:\/\/www.blanville.com\/en\/wines\/domaine-celtis\/\">I want to know more !<\/a><\/p>\n<\/div>\n<\/div>\n<\/li>\n<li class=\"wBuilder_slider_slide\" data-thumb=\"https:\/\/www.blanville.com\/wp-content\/uploads\/2020\/06\/hve_2020_2-48x27.jpg\">\n<div class=\"wBuilder_slider_container\" style=\"background-image: url('https:\/\/www.blanville.com\/wp-content\/uploads\/2020\/06\/hve_2020_2-1880x768.jpg');\"><\/div>\n<div class=\"wBuilder_slider_content\">\n<div class=\"wBuilder_slider_text\">\n<h3>Ch\u00e2teau Haut-Blanville certified &#8220;High Environmental Value&#8221;<\/h3>\n<p><a class=\"btn btn-light\" href=\"https:\/\/www.blanville.com\/en\/magazine\/chateau-haut-blanville-certified-hve-level-3\/\">Read the article <\/a><\/p>\n<\/div>\n<\/div>\n<\/li>\n<\/ul>\n<\/div>\n<div class=\"wBuilder_section wBuilder_intro\">\n<div class=\"wBuilder_section wBuilder_intro\">\n<p>Ch\u00e2teau Haut Blanville is a family-owned wine estate, built from scratch parcel by parcel since 1997 by Beatrice and Bernard Nivollet. Today, our wine estate is composed of two specialities :<\/p>\n<p><strong>Skilled Winemakers<\/strong>: Our range of single parcel wines reveals the exceptional diversity and richness of our terroirs \u2013 qualities much appreciated by lovers of handcrafted fine wines the world over.<\/p>\n<p><strong>Stars Revealers:<\/strong> We work with winemakers sharing our convictions. Wine merchant, we keep in mind to always offer you the best of Languedoc, whatever the desired wine range.<\/p>\n<\/div>\n<\/div>\n<div class=\"wBuilder_section wBuilder_destructured_headband\">\n<div class=\"wBuilder_visuel_1 wBuilder_visuel_inner_border\"><img class=\"lazyload\" alt=\"\" width=\"1248\" height=\"624\" data-src=\"https:\/\/www.blanville.com\/wp-content\/uploads\/feuilles-de-vigne-dautomne-1248x624.jpg\" \/><\/div>\n<div class=\"wBuilder_visuel_2 wBuilder_visuel_inner_border\"><img class=\"lazyload\" alt=\"\" width=\"960\" height=\"540\" data-src=\"https:\/\/www.blanville.com\/wp-content\/uploads\/beatrice-bernard-nivollet-960x540.jpg\" \/><\/div>\n<div class=\"wBuilder_colored_box\"><\/div>\n<div class=\"wBuilder_content\">\n<p>Since 1997, when B\u00e9atrice and Bernard Nivollet decided to make their dream of becoming vignerons a reality, our family estate has enjoyed an extraordinary adventure. Located close to Montpellier, we have been creating and crafting wines which reveal the exceptional diversity of the terroirs of the Languedoc. Over the past twenty years, we have rigorously selected individual plots or parcels of land, the grapes from which are vinified separately, parcel by parcel.<\/p>\n<p>We consider ourselves ecologically responsible winemakers and skilled craftspeople having a particular concern for our land, its environment and biodiversity.<\/p>\n<div class=\"ecc_box_button\"><a href=\"https:\/\/www.blanville.com\/en\/domaine\/\">Skilled winemakers\u00a0<\/a><\/div>\n<\/div>\n<\/div>\n<div class=\"wBuilder_section wBuilder_intro\">\n<h2 class=\"wBuilder_heading\">A rigorous selection of parcels.<\/h2>\n<p>Our \u201cParcellaires de Blanville\u201d are single parcel wines whose grapes come from one single piece of land, selected for the natural balance of terroir and the grape varietal which will flourish there.<\/p>\n<\/div>\n<div class=\"wBuilder_section wBuilder_duo prev_block\">\n<div class=\"wBuilder_duo_1\">\n<div class=\"wBuilder_content\">\n<h3 class=\"wBuilder_heading\">Our &#8220;Parcellaires de Blanville&#8221;<\/h3>\n<p>Our parcel wines and the pride of our terroirs<\/p>\n<div class=\"ecc_box_button right\"><a href=\"https:\/\/www.blanville.com\/en\/wines\/clos-de-blanville\/\">More<\/a><\/div>\n<\/div>\n<div class=\"wBuilder_visuel wBuilder_visuel_inner_border\"><img class=\"lazyload\" alt=\"\" width=\"400\" height=\"600\" data-src=\"https:\/\/www.blanville.com\/wp-content\/uploads\/passions-400x600.jpg\" \/><\/div>\n<\/div>\n<div class=\"wBuilder_duo_2\">\n<div class=\"wBuilder_content\">\n<h3 class=\"wBuilder_heading\">Our Terroirs<\/h3>\n<p>Five unique terroirs which are classified as AOP<\/p>\n<div class=\"ecc_box_button\"><a href=\"https:\/\/www.blanville.com\/en\/wines\/terroirs-and-clos\/\">More<\/a><\/div>\n<\/div>\n<div class=\"wBuilder_visuel wBuilder_visuel_inner_border\"><img class=\"lazyload\" alt=\"\" width=\"400\" height=\"600\" data-src=\"https:\/\/www.blanville.com\/wp-content\/uploads\/parcellaire-1-400x600.jpg\" \/><\/div>\n<\/div>\n<\/div>\n<div class=\"wBuilder_section wBuilder_intro\">\n<h3 class=\"wBuilder_heading\">Wine tourism, visit and tasting<\/h3>\n<\/div>\n<div class=\"wBuilder_section wBuilder_big_visu prev_block wBuilder_big_visu_left\">\n<div class=\"wBuilder_visuel wBuilder_visuel_inner_border\"><img class=\"lazyload\" alt=\"\" width=\"960\" height=\"540\" data-src=\"https:\/\/www.blanville.com\/wp-content\/uploads\/rieutort-1-960x540.jpg\" \/><\/div>\n<div class=\"wBuilder_container\">\n<div class=\"wBuilder_content\">\n<p>While visiting our beautiful region, do come and explore our vineyard, discover our cellars and enjoy a tasting with family or friends. Should you wish to prolong your time with us, do consider staying in the idyllic surroundings of the Ch\u00e2teau Rieutort.<\/p>\n<div class=\"ecc_box_button\"><a href=\"https:\/\/www.blanville.com\/en\/domaine\/wine-tourisme-visit-tasting\/\">More information<\/a><\/div>\n<\/div>\n<\/div>\n<\/div>\n<div class=\"wBuilder_section wBuilder_mag\">\n<div class=\"wBuilder_heading\">\n<h2>Magazine<\/h2>\n<\/div>\n<ul>\n<li>\n<div class=\"wBuilder_visuel wBuilder_visuel_inner_border\"><img class=\"lazyload\" alt=\"aging in barrels\" width=\"557\" height=\"372\" data-src=\"https:\/\/www.blanville.com\/wp-content\/uploads\/2020\/10\/chai-66-scaled-557x252.jpg\" \/><\/div>\n<div class=\"overlay wBuilder_visuel_inner_border\">\n<div class=\"full_height\"><\/div>\n<div class=\"vertical-center\">\n<h4 class=\"wBuilder_heading\">Aging with wooden barrels<\/h4>\n<\/div>\n<\/div>\n<p>&nbsp;<\/li>\n<li>\n<div class=\"wBuilder_visuel wBuilder_visuel_inner_border\"><img class=\"lazyload\" alt=\"\" width=\"557\" height=\"372\" data-src=\"https:\/\/www.blanville.com\/wp-content\/uploads\/2020\/09\/adobestock_262016961-scaled-557x372.jpeg\" \/><\/div>\n<div class=\"overlay wBuilder_visuel_inner_border\">\n<div class=\"full_height\"><\/div>\n<div class=\"vertical-center\">\n<h4 class=\"wBuilder_heading\">The different shades of Mourv\u00e8dre<\/h4>\n<\/div>\n<\/div>\n<p>&nbsp;<\/li>\n<li>\n<div class=\"wBuilder_visuel wBuilder_visuel_inner_border\"><img class=\"lazyload\" alt=\"\" width=\"557\" height=\"372\" data-src=\"https:\/\/www.blanville.com\/wp-content\/uploads\/2020\/09\/img_1594-scaled-496x372.jpg\" \/><\/div>\n<div class=\"overlay wBuilder_visuel_inner_border\">\n<div class=\"full_height\"><\/div>\n<div class=\"vertical-center\">\n<h4 class=\"wBuilder_heading\">The 2020 harvest in Blanville\u2026almost finished\u00a0!<\/h4>\n<\/div>\n<\/div>\n<p>&nbsp;<\/li>\n<\/ul>\n<div class=\"wBuilder_mag_more ecc_box_button right\">\n<p><a class=\"button-design\" href=\"https:\/\/www.blanville.com\/en\/magazine\/\">Parcourez tous nos articles<\/a><\/p>\n<\/div>\n<\/div>\n","protected":false},"excerpt":{"rendered":"<p>Domaine des Celtis, new member of the Blanville Family ! I want to know more ! Ch\u00e2teau Haut-Blanville certified &#8220;High Environmental Value&#8221; Read the article Ch\u00e2teau Haut Blanville is a family-owned wine estate, built from scratch parcel by parcel since 1997 by Beatrice and Bernard Nivollet. Today, our wine estate is composed of two specialities [&hellip;]<\/p>\n","protected":false},"author":467,"featured_media":10660,"parent":0,"menu_order":0,"comment_status":"closed","ping_status":"closed","template":"template-builder.php","meta":{"_acf_changed":false,"footnotes":""},"class_list":["post-3220","page","type-page","status-publish","has-post-thumbnail","hentry"],"acf":[],"yoast_head":"<!-- This site is optimized with the Yoast SEO plugin v27.0 - https:\/\/yoast.com\/product\/yoast-seo-wordpress\/ -->\n<title>Ch\u00e2teau Haut-Blanville &#8211; Gr\u00e9s de Montpellier Vineyard in Languedoc<\/title>\n<meta name=\"description\" content=\"Nous esp\u00e9rons vous faire partager la passion pour nos terroirs et nos grands vins de s\u00e9lections parcellaires des Gr\u00e9s de Montpellier en Languedoc\" \/>\n<meta name=\"robots\" content=\"index, follow, max-snippet:-1, max-image-preview:large, max-video-preview:-1\" \/>\n<link rel=\"canonical\" href=\"https:\/\/www.blanville.com\/en\/\" \/>\n<meta property=\"og:locale\" content=\"en_US\" \/>\n<meta property=\"og:type\" content=\"article\" \/>\n<meta property=\"og:title\" content=\"Ch\u00e2teau Haut-Blanville &#8211; Gr\u00e9s de Montpellier Vineyard in Languedoc\" \/>\n<meta property=\"og:description\" content=\"Grands Vins de s\u00e9lections parcellaires du Languedoc\" \/>\n<meta property=\"og:url\" content=\"https:\/\/www.blanville.com\/en\/\" \/>\n<meta property=\"og:site_name\" content=\"Ch\u00e2teau Haut-Blanville \u2014 Languedoc Wines\" \/>\n<meta property=\"article:publisher\" content=\"https:\/\/www.facebook.com\/vinsblanville\/\" \/>\n<meta property=\"article:modified_time\" content=\"2025-04-15T08:05:54+00:00\" \/>\n<meta property=\"og:image\" content=\"https:\/\/www.blanville.com\/wp-content\/uploads\/2023\/02\/chateau-blanville-1628-scaled.jpg\" \/>\n\t<meta property=\"og:image:width\" content=\"2560\" \/>\n\t<meta property=\"og:image:height\" content=\"1708\" \/>\n\t<meta property=\"og:image:type\" content=\"image\/jpeg\" \/>\n<meta name=\"twitter:card\" content=\"summary_large_image\" \/>\n<meta name=\"twitter:description\" content=\"Grands Vins de s\u00e9lections parcellaires du Languedoc\" \/>\n<meta name=\"twitter:site\" content=\"@Vins_Blanville\" \/>\n<meta name=\"twitter:label1\" content=\"Est. reading time\" \/>\n\t<meta name=\"twitter:data1\" content=\"4 minutes\" \/>\n<script type=\"application\/ld+json\" class=\"yoast-schema-graph\">{\"@context\":\"https:\/\/schema.org\",\"@graph\":[{\"@type\":\"WebPage\",\"@id\":\"https:\/\/www.blanville.com\/en\/\",\"url\":\"https:\/\/www.blanville.com\/en\/\",\"name\":\"Ch\u00e2teau Haut-Blanville &#8211; Gr\u00e9s de Montpellier Vineyard in Languedoc\",\"isPartOf\":{\"@id\":\"https:\/\/www.blanville.com\/#website\"},\"primaryImageOfPage\":{\"@id\":\"https:\/\/www.blanville.com\/en\/#primaryimage\"},\"image\":{\"@id\":\"https:\/\/www.blanville.com\/en\/#primaryimage\"},\"thumbnailUrl\":\"https:\/\/www.blanville.com\/wp-content\/uploads\/2023\/02\/chateau-blanville-1628-scaled.jpg\",\"datePublished\":\"2017-09-27T19:43:37+00:00\",\"dateModified\":\"2025-04-15T08:05:54+00:00\",\"description\":\"Nous esp\u00e9rons vous faire partager la passion pour nos terroirs et nos grands vins de s\u00e9lections parcellaires des Gr\u00e9s de Montpellier en Languedoc\",\"breadcrumb\":{\"@id\":\"https:\/\/www.blanville.com\/en\/#breadcrumb\"},\"inLanguage\":\"en-US\",\"potentialAction\":[{\"@type\":\"ReadAction\",\"target\":[\"https:\/\/www.blanville.com\/en\/\"]}]},{\"@type\":\"ImageObject\",\"inLanguage\":\"en-US\",\"@id\":\"https:\/\/www.blanville.com\/en\/#primaryimage\",\"url\":\"https:\/\/www.blanville.com\/wp-content\/uploads\/2023\/02\/chateau-blanville-1628-scaled.jpg\",\"contentUrl\":\"https:\/\/www.blanville.com\/wp-content\/uploads\/2023\/02\/chateau-blanville-1628-scaled.jpg\",\"width\":2560,\"height\":1708,\"caption\":\"Shooting Photo Juin 2022\"},{\"@type\":\"BreadcrumbList\",\"@id\":\"https:\/\/www.blanville.com\/en\/#breadcrumb\",\"itemListElement\":[{\"@type\":\"ListItem\",\"position\":1,\"name\":\"Blanville\",\"item\":\"https:\/\/www.blanville.com\/en\/\"},{\"@type\":\"ListItem\",\"position\":2,\"name\":\"A Propos\"}]},{\"@type\":\"WebSite\",\"@id\":\"https:\/\/www.blanville.com\/#website\",\"url\":\"https:\/\/www.blanville.com\/\",\"name\":\"Ch\u00e2teau Haut-Blanville \u2014 Languedoc Wines\",\"description\":\"Gr\u00e9s de Montpellier Vineyard in Languedoc\",\"potentialAction\":[{\"@type\":\"SearchAction\",\"target\":{\"@type\":\"EntryPoint\",\"urlTemplate\":\"https:\/\/www.blanville.com\/?s={search_term_string}\"},\"query-input\":{\"@type\":\"PropertyValueSpecification\",\"valueRequired\":true,\"valueName\":\"search_term_string\"}}],\"inLanguage\":\"en-US\"}]}<\/script>\n<!-- \/ Yoast SEO plugin. -->","yoast_head_json":{"title":"Ch\u00e2teau Haut-Blanville &#8211; Gr\u00e9s de Montpellier Vineyard in Languedoc","description":"Nous esp\u00e9rons vous faire partager la passion pour nos terroirs et nos grands vins de s\u00e9lections parcellaires des Gr\u00e9s de Montpellier en Languedoc","robots":{"index":"index","follow":"follow","max-snippet":"max-snippet:-1","max-image-preview":"max-image-preview:large","max-video-preview":"max-video-preview:-1"},"canonical":"https:\/\/www.blanville.com\/en\/","og_locale":"en_US","og_type":"article","og_title":"Ch\u00e2teau Haut-Blanville &#8211; Gr\u00e9s de Montpellier Vineyard in Languedoc","og_description":"Grands Vins de s\u00e9lections parcellaires du Languedoc","og_url":"https:\/\/www.blanville.com\/en\/","og_site_name":"Ch\u00e2teau Haut-Blanville \u2014 Languedoc Wines","article_publisher":"https:\/\/www.facebook.com\/vinsblanville\/","article_modified_time":"2025-04-15T08:05:54+00:00","og_image":[{"width":2560,"height":1708,"url":"https:\/\/www.blanville.com\/wp-content\/uploads\/2023\/02\/chateau-blanville-1628-scaled.jpg","type":"image\/jpeg"}],"twitter_card":"summary_large_image","twitter_description":"Grands Vins de s\u00e9lections parcellaires du Languedoc","twitter_site":"@Vins_Blanville","twitter_misc":{"Est. reading time":"4 minutes"},"schema":{"@context":"https:\/\/schema.org","@graph":[{"@type":"WebPage","@id":"https:\/\/www.blanville.com\/en\/","url":"https:\/\/www.blanville.com\/en\/","name":"Ch\u00e2teau Haut-Blanville &#8211; Gr\u00e9s de Montpellier Vineyard in Languedoc","isPartOf":{"@id":"https:\/\/www.blanville.com\/#website"},"primaryImageOfPage":{"@id":"https:\/\/www.blanville.com\/en\/#primaryimage"},"image":{"@id":"https:\/\/www.blanville.com\/en\/#primaryimage"},"thumbnailUrl":"https:\/\/www.blanville.com\/wp-content\/uploads\/2023\/02\/chateau-blanville-1628-scaled.jpg","datePublished":"2017-09-27T19:43:37+00:00","dateModified":"2025-04-15T08:05:54+00:00","description":"Nous esp\u00e9rons vous faire partager la passion pour nos terroirs et nos grands vins de s\u00e9lections parcellaires des Gr\u00e9s de Montpellier en Languedoc","breadcrumb":{"@id":"https:\/\/www.blanville.com\/en\/#breadcrumb"},"inLanguage":"en-US","potentialAction":[{"@type":"ReadAction","target":["https:\/\/www.blanville.com\/en\/"]}]},{"@type":"ImageObject","inLanguage":"en-US","@id":"https:\/\/www.blanville.com\/en\/#primaryimage","url":"https:\/\/www.blanville.com\/wp-content\/uploads\/2023\/02\/chateau-blanville-1628-scaled.jpg","contentUrl":"https:\/\/www.blanville.com\/wp-content\/uploads\/2023\/02\/chateau-blanville-1628-scaled.jpg","width":2560,"height":1708,"caption":"Shooting Photo Juin 2022"},{"@type":"BreadcrumbList","@id":"https:\/\/www.blanville.com\/en\/#breadcrumb","itemListElement":[{"@type":"ListItem","position":1,"name":"Blanville","item":"https:\/\/www.blanville.com\/en\/"},{"@type":"ListItem","position":2,"name":"A Propos"}]},{"@type":"WebSite","@id":"https:\/\/www.blanville.com\/#website","url":"https:\/\/www.blanville.com\/","name":"Ch\u00e2teau Haut-Blanville \u2014 Languedoc Wines","description":"Gr\u00e9s de Montpellier Vineyard in Languedoc","potentialAction":[{"@type":"SearchAction","target":{"@type":"EntryPoint","urlTemplate":"https:\/\/www.blanville.com\/?s={search_term_string}"},"query-input":{"@type":"PropertyValueSpecification","valueRequired":true,"valueName":"search_term_string"}}],"inLanguage":"en-US"}]}},"_links":{"self":[{"href":"https:\/\/www.blanville.com\/en\/wp-json\/wp\/v2\/pages\/3220","targetHints":{"allow":["GET"]}}],"collection":[{"href":"https:\/\/www.blanville.com\/en\/wp-json\/wp\/v2\/pages"}],"about":[{"href":"https:\/\/www.blanville.com\/en\/wp-json\/wp\/v2\/types\/page"}],"author":[{"embeddable":true,"href":"https:\/\/www.blanville.com\/en\/wp-json\/wp\/v2\/users\/467"}],"replies":[{"embeddable":true,"href":"https:\/\/www.blanville.com\/en\/wp-json\/wp\/v2\/comments?post=3220"}],"version-history":[{"count":34,"href":"https:\/\/www.blanville.com\/en\/wp-json\/wp\/v2\/pages\/3220\/revisions"}],"predecessor-version":[{"id":11770,"href":"https:\/\/www.blanville.com\/en\/wp-json\/wp\/v2\/pages\/3220\/revisions\/11770"}],"wp:featuredmedia":[{"embeddable":true,"href":"https:\/\/www.blanville.com\/en\/wp-json\/wp\/v2\/media\/10660"}],"wp:attachment":[{"href":"https:\/\/www.blanville.com\/en\/wp-json\/wp\/v2\/media?parent=3220"}],"curies":[{"name":"wp","href":"https:\/\/api.w.org\/{rel}","templated":true}]}}